{"id":8,"date":"2008-11-21T17:30:05","date_gmt":"2008-11-21T16:30:05","guid":{"rendered":"http:\/\/castle.wascut.de\/?page_id=8"},"modified":"2011-04-28T16:03:45","modified_gmt":"2011-04-28T15:03:45","slug":"die-geschichte-der-burgrittergutschlos-klevenow","status":"publish","type":"page","link":"https:\/\/castle.wascut.de\/?page_id=8","title":{"rendered":"History of Castle Klevenow"},"content":{"rendered":"<p><b>1387<\/b><br \/>\nVilliage and Castle Clevenow were mentioned in a document for the first time. At this time the first generation of stone-built castles was errected in northern Germany. The stone-built castles began replacing older-type wood structures surrounded by walls of earth and motes, which were predominant up to that time, and of which only fragments are left over today. This is why Klevenow is one of the oldest builings in northern Germany today.<\/p>\n<p><b>1484<\/b><br \/>\n\u201ede Olde Hans von Wakenitz\u201c (&#8220;the old Hans of Wakenitz&#8221;), head of the castle Grimmen und bailift (head) of the Pomeranian border land Grimmen and Tribsees, was invested with the Castle Klevenow (a castle with a water mote around it for fortification) by the Pomeranian Duke.<\/p>\n<p><b>1503<\/b><br \/>\nThe investment document was confirmed several times in Wolgast, also by the famous Duke Bogislaw X. of Pomerania.<\/p>\n<p><i>Stettiner document &#8220;Donnerstag in den Pfingsten&#8221;<br \/>\n(transl. &#8220;Thursday in the Whitsun&#8221;):<br \/>\n&#8220;Old Hans tho Clevenow, Thomas, Junge Hans und Gerth, vedderen und br\u00f6dere de Wakenitze genomet mit ihrem Erbe und Lehen in den g\u00fctern Tressow, Kisow, Nigendorpe, Cernewanze, Wustenie, Czemmin, Golzlove, Parsowe und Clevenow&#8221;<br \/>\n(transl. &#8220;Old Hans of Clevenow, Thomas, young Hans and Gerth, cousins and brothers of the Wakenitzes have taken the investments and inheritences of the manors and land around Tressow, Kisow, Nigendorpe, Cernewanze, Wustenie, Czemmin, Golzlove, Parsowe and Clevenow&#8221;)<\/i><\/p>\n<p><b>1618-1648<\/b><br \/>\nDuring the thirty years war hard-fought battles took place over Castle Clevenow.<\/p>\n<p><b>1627<\/b><br \/>\nCarl of Wakenitz began renovations already during the thirty years war, after fighting moved on to other parts of Germany. An iron weather mast  in the form of a rooster with the inscription &#8220;C. von Wakenitz 1627&#8221; was on one of the towers until the 20th century.<\/p>\n<p><img decoding=\"async\" src=\"http:\/\/castle.wascut.de\/images\/zeit2.gif\" ALT=\"Castle Klevenow\"><\/p>\n<p><b>1636<\/b><br \/>\nThe chapel is a rectangluar, tudor style building with a mansard roof. Inside is a wooden arched ceiling, painted with angels and winding patterns. The portal frame is enhanced with wooden pilasters and the gable head with coats of arms.<\/p>\n<p><img decoding=\"async\" src=\"http:\/\/castle.wascut.de\/images\/chapel2.jpg\" ALT=\"Alter in the chapel\"><\/p>\n<p><b>1648<\/b><br \/>\nWestern Pomerania officially belongs to Sweden.<\/p>\n<p><b>1695<\/b><br \/>\nOne of the Swedish registery maps coveing Clevenow was drawn up in 1695. Here is a part of this map, which shows the castle and the immediate vicinity. The mote, barock gardens and a drawing of the castle with it&#8217;s two towers and the chapel are shown.<\/p>\n<p><img decoding=\"async\" src=\"http:\/\/castle.wascut.de\/images\/1695.jpg\" ALT=\"Schwedish registery map of 1695\"><\/p>\n<p><b>End of the 18th century<\/b><br \/>\nAt the end of the 18th century Clevenow was turned into an entailed estate by Carls great grandson Karl Franz Ludwig of Wakenitz. It stated that if the male side of the family should die out that his daughter Emilie should inherit Clevenow with it&#8217;s grounds.<\/p>\n<p><b>1815<\/b><br \/>\nWestern Pomerania is assigned to Denmark. In the same year Prussia baught Western Pomerania and the Duchy of Lauenburg from Denmark for 3.5 Million Talers.<\/p>\n<p><b>1816<\/b><br \/>\nOne of the Wakenitzes heirs marries the swedish lieutenant-colonel Carl Friedrich of the Lancken (from Boldevitz on Ruegen). Between this time and 1945 (the end of the second world war) the owners of Klevenow carried the name Lancken-Wakenitz.<\/p>\n<p><b>1835<\/b><br \/>\nThe Prussians draw a map of the area around Clevenow. The castle surrounded by a reinforced mote and the chapel can be seen on the map.<\/p>\n<p><img decoding=\"async\" src=\"http:\/\/castle.wascut.de\/images\/1835.jpg\" ALT=\"Prussian map from 1835\"><\/p>\n<p><b>1848<\/b><br \/>\nA part of the working quarters lying within the old moted castle burnt down in 1848. Fritz baron from the Lancken-Wackenitz took this oppurtunity to modernise Klevenow. He filled in the moat, built living quarters for the workers, built a school, a forestery, new stables, and agricultural buildings. He landscaped the grounds to an english garden, which was modern at the time. This park extended over 15 hectares and included the river Trebel, artificial lakes with islands and age old oak trees. These are all still there today.<br \/>\nHe renovated the rest of the mideval castle including the facade between the two old towers in the neo-gothic style. Pointed tent roofs were place on the two towers, and the windows were replaced with neo-gothic style windows. The narrow windows in the towers were replaced with windows pointed at the top (also neo-gothic style) and the gable was spruced up with three mini towers. Towards the east a new building was built on to the castle.<\/p>\n<p><b>1858<\/b><br \/>\nFerdinand J\u00fchlke wrote:<br \/>\n<i><br \/>\n\u201eClevenow ist ein h\u00f6chst anmuthiger Sitz, der mit seinen Anpflanzungen einen ausgezeichneten Bestand der seltensten und sch\u00f6nsten Holzarten darbietet&#8230;  \u00dcberall tritt uns hier die Natur in versch\u00f6nerter Weise entgegen und f\u00fchrt uns in gestaltreicher Mannigfaltigkeit Gruppierungen vor Augen, die der bildenden Gartenkunst in Farbton und Form der Belaubung als nachahmenswerthes Beispiel empfohlen zu werden verdient&#8230;\u201c<br \/>\n(transl. &#8220;Clevenow is a highly graceful residence, which has an acceptional array of the most rare and beautiful trees&#8230; Nature in it&#8217;s beautified state in dazzling diversity for the eye is an example of visual garden art which is worthy being copied.&#8221;)<br \/>\n<\/i><\/p>\n<p><b>1862<\/b><br \/>\n<img decoding=\"async\" src=\"http:\/\/castle.wascut.de\/images\/1862.jpg\" ALT=\"Castle Klevenow in 1862\"><br \/>\nKlevenow after the renovation.<\/p>\n<p><b>1887<\/b><br \/>\nThe Prussians have another map of the area around Klevenow drawn up. The details of the castle and the english garden can be seen.<\/p>\n<p><img decoding=\"async\" src=\"http:\/\/castle.wascut.de\/images\/1887.jpg\" ALT=\"Klevenow in 1887\"><\/p>\n<p><b>1920&#8217;s<\/b><br \/>\nMalte Baron from the Lancken-Wakenitz started modernisations and renovations after the end of the first world war. Water and electricity were laid, while preserving the look of the old castle.<\/p>\n<p><b>1945<\/b><br \/>\nCastle Klevenow and it&#8217;s estate of around 500 hectares of agriculturally used land were taken over by the Soviet occupying power.<\/p>\n<p><b>1945 to 2003<\/b><br \/>\nCastle Klevenow was used by the community as living quarters, town hall, school, cooperative store, doctors office, youth club, and so forth. During the communist times under East German rule the castle was historically protected (one of only a few manors), and various maintenece measures were taken. The agricultural farm was separated from the castle and carried on as an agricultural coop.<\/p>\n<p><b>2003<\/b><br \/>\nRobert and Steffen Knoop buy Castle Klevenow and begin with the renovations.<\/p>\n","protected":false},"excerpt":{"rendered":"<p>1387 Villiage and Castle Clevenow were mentioned in a document for the first time. At this time the first generation of stone-built castles was errected in northern Germany. The stone-built castles began replacing older-type wood structures surrounded by walls of earth and motes, which were predominant up to that time, and of which only fragments [&hellip;]<\/p>\n","protected":false},"author":2,"featured_media":0,"parent":0,"menu_order":3,"comment_status":"closed","ping_status":"closed","template":"","meta":{"footnotes":""},"class_list":["post-8","page","type-page","status-publish","hentry"],"_links":{"self":[{"href":"https:\/\/castle.wascut.de\/index.php?rest_route=\/wp\/v2\/pages\/8","targetHints":{"allow":["GET"]}}],"collection":[{"href":"https:\/\/castle.wascut.de\/index.php?rest_route=\/wp\/v2\/pages"}],"about":[{"href":"https:\/\/castle.wascut.de\/index.php?rest_route=\/wp\/v2\/types\/page"}],"author":[{"embeddable":true,"href":"https:\/\/castle.wascut.de\/index.php?rest_route=\/wp\/v2\/users\/2"}],"replies":[{"embeddable":true,"href":"https:\/\/castle.wascut.de\/index.php?rest_route=%2Fwp%2Fv2%2Fcomments&post=8"}],"version-history":[{"count":20,"href":"https:\/\/castle.wascut.de\/index.php?rest_route=\/wp\/v2\/pages\/8\/revisions"}],"predecessor-version":[{"id":145,"href":"https:\/\/castle.wascut.de\/index.php?rest_route=\/wp\/v2\/pages\/8\/revisions\/145"}],"wp:attachment":[{"href":"https:\/\/castle.wascut.de\/index.php?rest_route=%2Fwp%2Fv2%2Fmedia&parent=8"}],"curies":[{"name":"wp","href":"https:\/\/api.w.org\/{rel}","templated":true}]}}